{"id":3,"date":"2024-12-23T12:15:26","date_gmt":"2024-12-23T12:15:26","guid":{"rendered":"https:\/\/instalacionessm.es\/?page_id=3"},"modified":"2024-12-24T12:55:29","modified_gmt":"2024-12-24T12:55:29","slug":"privacy-policy","status":"publish","type":"page","link":"https:\/\/instalacionessm.es\/index.php\/privacy-policy\/","title":{"rendered":"Pol\u00edtica de privacidad y cookies"},"content":{"rendered":"\n<h2 class=\"wp-block-heading\">Qui\u00e9nes somos<\/h2>\n\n\n\n<p>Nuestra direcci\u00f3n web es: <a href=\"https:\/\/instalacionessm.es\">https:\/\/instalacionessm.es<\/a>.<\/p>\n\n\n\n<h3 class=\"wp-block-heading\">Cookies<\/h3>\n\n\n\n<p>Si visitas nuestra p\u00e1gina de inicio de sesi\u00f3n, configuraremos una cookie temporal para determinar si tu navegador acepta cookies. Esta cookie no contiene datos personales y se descarta al cerrar tu navegador.<\/p>\n\n\n\n<p>Cuando inicias sesi\u00f3n, tambi\u00e9n configuramos varias cookies para guardar tu informaci\u00f3n de inicio de sesi\u00f3n y tus opciones de visualizaci\u00f3n en pantalla. Las cookies de inicio de sesi\u00f3n duran dos d\u00edas, y las cookies de opciones de pantalla duran un a\u00f1o. Si seleccionas \u00abRecordarme\u00bb, tu inicio de sesi\u00f3n se mantendr\u00e1 durante dos semanas. Si cierras sesi\u00f3n en tu cuenta, se eliminar\u00e1n las cookies de inicio de sesi\u00f3n.<\/p>\n\n\n\n<p>Si editas o publicas un art\u00edculo, se guardar\u00e1 una cookie adicional en tu navegador. Esta cookie no incluye datos personales y simplemente indica el ID de la publicaci\u00f3n que acabas de editar. Expira despu\u00e9s de 1 d\u00eda.<\/p>\n\n\n\n<h3 class=\"wp-block-heading\">Contenido incrustado de otros sitios web<\/h3>\n\n\n\n<p>Los art\u00edculos en este sitio pueden incluir contenido incrustado (por ejemplo, videos, im\u00e1genes, art\u00edculos, etc.). El contenido incrustado de otros sitios web se comporta de la misma manera que si el visitante hubiera visitado el otro sitio web.<\/p>\n\n\n\n<p>Estos sitios web pueden recopilar datos sobre ti, usar cookies, incrustar seguimiento adicional de terceros y monitorear tu interacci\u00f3n con ese contenido incrustado, incluido el seguimiento de tu interacci\u00f3n con el contenido incrustado si tienes una cuenta y has iniciado sesi\u00f3n en ese sitio web.<\/p>\n\n\n\n<h3 class=\"wp-block-heading\">Con qui\u00e9n compartimos tus datos<\/h3>\n\n\n\n<p>Si solicitas un restablecimiento de contrase\u00f1a, tu direcci\u00f3n IP se incluir\u00e1 en el correo electr\u00f3nico de restablecimiento.<\/p>\n\n\n\n<h3 class=\"wp-block-heading\">Cu\u00e1nto tiempo conservamos tus datos<\/h3>\n\n\n\n<p>Para los usuarios que se registren en nuestro sitio web (si los hubiera), almacenamos la informaci\u00f3n personal que proporcionan en su perfil de usuario. Todos los usuarios pueden ver, editar o eliminar su informaci\u00f3n personal en cualquier momento (excepto que no pueden cambiar su nombre de usuario). Los administradores del sitio web tambi\u00e9n pueden ver y editar esa informaci\u00f3n.<\/p>\n\n\n\n<h3 class=\"wp-block-heading\">Qu\u00e9 derechos tienes sobre tus datos<\/h3>\n\n\n\n<p>Si tienes una cuenta en este sitio, puedes solicitar recibir un archivo exportado con los datos personales que tenemos sobre ti, incluidos los datos que nos hayas proporcionado. Tambi\u00e9n puedes solicitar que eliminemos cualquier dato personal que tengamos sobre ti. Esto no incluye ning\u00fan dato que estemos obligados a conservar con fines administrativos, legales o de seguridad.<\/p>\n\n\n\n<h3 class=\"wp-block-heading\">D\u00f3nde se env\u00edan tus datos<\/h3>\n\n\n\n<p>Los datos recopilados pueden ser revisados mediante un servicio de detecci\u00f3n autom\u00e1tica de spam.<\/p>\n","protected":false},"excerpt":{"rendered":"<p>Qui\u00e9nes somos Nuestra direcci\u00f3n web es: https:\/\/instalacionessm.es. Cookies Si visitas nuestra p\u00e1gina de inicio de sesi\u00f3n, configuraremos una cookie temporal para determinar si tu navegador acepta cookies. Esta cookie no contiene datos personales y se descarta al cerrar tu navegador. Cuando inicias sesi\u00f3n, tambi\u00e9n configuramos varias cookies para guardar tu informaci\u00f3n de inicio de sesi\u00f3n<span class=\"post-excerpt-end\">&hellip;<\/span><\/p>\n<p class=\"more-link\"><a href=\"https:\/\/instalacionessm.es\/index.php\/privacy-policy\/\" class=\"themebutton\">Leer m\u00e1s<\/a><\/p>\n","protected":false},"author":2,"featured_media":0,"parent":0,"menu_order":0,"comment_status":"closed","ping_status":"open","template":"","meta":{"_monsterinsights_skip_tracking":false,"_monsterinsights_sitenote_active":false,"_monsterinsights_sitenote_note":"","_monsterinsights_sitenote_category":0,"footnotes":""},"class_list":["post-3","page","type-page","status-publish","hentry"],"yoast_head":"<!-- This site is optimized with the Yoast SEO plugin v25.2 - https:\/\/yoast.com\/wordpress\/plugins\/seo\/ -->\n<title>Pol\u00edtica de privacidad y cookies - Instalaciones SM<\/title>\n<meta name=\"robots\" content=\"index, follow, max-snippet:-1, max-image-preview:large, max-video-preview:-1\" \/>\n<link rel=\"canonical\" href=\"https:\/\/instalacionessm.es\/index.php\/privacy-policy\/\" \/>\n<meta property=\"og:locale\" content=\"es_ES\" \/>\n<meta property=\"og:type\" content=\"article\" \/>\n<meta property=\"og:title\" content=\"Pol\u00edtica de privacidad y cookies - Instalaciones SM\" \/>\n<meta property=\"og:description\" content=\"Qui\u00e9nes somos Nuestra direcci\u00f3n web es: https:\/\/instalacionessm.es. Cookies Si visitas nuestra p\u00e1gina de inicio de sesi\u00f3n, configuraremos una cookie temporal para determinar si tu navegador acepta cookies. Esta cookie no contiene datos personales y se descarta al cerrar tu navegador. Cuando inicias sesi\u00f3n, tambi\u00e9n configuramos varias cookies para guardar tu informaci\u00f3n de inicio de sesi\u00f3n&hellip;Leer m\u00e1s\" \/>\n<meta property=\"og:url\" content=\"https:\/\/instalacionessm.es\/index.php\/privacy-policy\/\" \/>\n<meta property=\"og:site_name\" content=\"Instalaciones SM\" \/>\n<meta property=\"article:modified_time\" content=\"2024-12-24T12:55:29+00:00\" \/>\n<meta name=\"twitter:card\" content=\"summary_large_image\" \/>\n<meta name=\"twitter:label1\" content=\"Tiempo de lectura\" \/>\n\t<meta name=\"twitter:data1\" content=\"2 minutos\" \/>\n<script type=\"application\/ld+json\" class=\"yoast-schema-graph\">{\"@context\":\"https:\/\/schema.org\",\"@graph\":[{\"@type\":\"WebPage\",\"@id\":\"https:\/\/instalacionessm.es\/index.php\/privacy-policy\/\",\"url\":\"https:\/\/instalacionessm.es\/index.php\/privacy-policy\/\",\"name\":\"Pol\u00edtica de privacidad y cookies - Instalaciones SM\",\"isPartOf\":{\"@id\":\"https:\/\/instalacionessm.es\/#website\"},\"datePublished\":\"2024-12-23T12:15:26+00:00\",\"dateModified\":\"2024-12-24T12:55:29+00:00\",\"breadcrumb\":{\"@id\":\"https:\/\/instalacionessm.es\/index.php\/privacy-policy\/#breadcrumb\"},\"inLanguage\":\"es\",\"potentialAction\":[{\"@type\":\"ReadAction\",\"target\":[\"https:\/\/instalacionessm.es\/index.php\/privacy-policy\/\"]}]},{\"@type\":\"BreadcrumbList\",\"@id\":\"https:\/\/instalacionessm.es\/index.php\/privacy-policy\/#breadcrumb\",\"itemListElement\":[{\"@type\":\"ListItem\",\"position\":1,\"name\":\"Portada\",\"item\":\"https:\/\/instalacionessm.es\/\"},{\"@type\":\"ListItem\",\"position\":2,\"name\":\"Pol\u00edtica de privacidad y cookies\"}]},{\"@type\":\"WebSite\",\"@id\":\"https:\/\/instalacionessm.es\/#website\",\"url\":\"https:\/\/instalacionessm.es\/\",\"name\":\"Instalaciones SM\",\"description\":\"Expertos en climatizaci\u00f3n y trabajos verticales\",\"publisher\":{\"@id\":\"https:\/\/instalacionessm.es\/#organization\"},\"potentialAction\":[{\"@type\":\"SearchAction\",\"target\":{\"@type\":\"EntryPoint\",\"urlTemplate\":\"https:\/\/instalacionessm.es\/?s={search_term_string}\"},\"query-input\":{\"@type\":\"PropertyValueSpecification\",\"valueRequired\":true,\"valueName\":\"search_term_string\"}}],\"inLanguage\":\"es\"},{\"@type\":\"Organization\",\"@id\":\"https:\/\/instalacionessm.es\/#organization\",\"name\":\"Instalaciones SM\",\"url\":\"https:\/\/instalacionessm.es\/\",\"logo\":{\"@type\":\"ImageObject\",\"inLanguage\":\"es\",\"@id\":\"https:\/\/instalacionessm.es\/#\/schema\/logo\/image\/\",\"url\":\"https:\/\/instalacionessm.es\/wp-content\/uploads\/2024\/12\/cropped-12-removebg-preview.png\",\"contentUrl\":\"https:\/\/instalacionessm.es\/wp-content\/uploads\/2024\/12\/cropped-12-removebg-preview.png\",\"width\":500,\"height\":500,\"caption\":\"Instalaciones SM\"},\"image\":{\"@id\":\"https:\/\/instalacionessm.es\/#\/schema\/logo\/image\/\"},\"sameAs\":[\"https:\/\/www.instagram.com\/instalaciones_sm_esp\/\"]}]}<\/script>\n<!-- \/ Yoast SEO plugin. -->","yoast_head_json":{"title":"Pol\u00edtica de privacidad y cookies - Instalaciones SM","robots":{"index":"index","follow":"follow","max-snippet":"max-snippet:-1","max-image-preview":"max-image-preview:large","max-video-preview":"max-video-preview:-1"},"canonical":"https:\/\/instalacionessm.es\/index.php\/privacy-policy\/","og_locale":"es_ES","og_type":"article","og_title":"Pol\u00edtica de privacidad y cookies - Instalaciones SM","og_description":"Qui\u00e9nes somos Nuestra direcci\u00f3n web es: https:\/\/instalacionessm.es. Cookies Si visitas nuestra p\u00e1gina de inicio de sesi\u00f3n, configuraremos una cookie temporal para determinar si tu navegador acepta cookies. Esta cookie no contiene datos personales y se descarta al cerrar tu navegador. Cuando inicias sesi\u00f3n, tambi\u00e9n configuramos varias cookies para guardar tu informaci\u00f3n de inicio de sesi\u00f3n&hellip;Leer m\u00e1s","og_url":"https:\/\/instalacionessm.es\/index.php\/privacy-policy\/","og_site_name":"Instalaciones SM","article_modified_time":"2024-12-24T12:55:29+00:00","twitter_card":"summary_large_image","twitter_misc":{"Tiempo de lectura":"2 minutos"},"schema":{"@context":"https:\/\/schema.org","@graph":[{"@type":"WebPage","@id":"https:\/\/instalacionessm.es\/index.php\/privacy-policy\/","url":"https:\/\/instalacionessm.es\/index.php\/privacy-policy\/","name":"Pol\u00edtica de privacidad y cookies - Instalaciones SM","isPartOf":{"@id":"https:\/\/instalacionessm.es\/#website"},"datePublished":"2024-12-23T12:15:26+00:00","dateModified":"2024-12-24T12:55:29+00:00","breadcrumb":{"@id":"https:\/\/instalacionessm.es\/index.php\/privacy-policy\/#breadcrumb"},"inLanguage":"es","potentialAction":[{"@type":"ReadAction","target":["https:\/\/instalacionessm.es\/index.php\/privacy-policy\/"]}]},{"@type":"BreadcrumbList","@id":"https:\/\/instalacionessm.es\/index.php\/privacy-policy\/#breadcrumb","itemListElement":[{"@type":"ListItem","position":1,"name":"Portada","item":"https:\/\/instalacionessm.es\/"},{"@type":"ListItem","position":2,"name":"Pol\u00edtica de privacidad y cookies"}]},{"@type":"WebSite","@id":"https:\/\/instalacionessm.es\/#website","url":"https:\/\/instalacionessm.es\/","name":"Instalaciones SM","description":"Expertos en climatizaci\u00f3n y trabajos verticales","publisher":{"@id":"https:\/\/instalacionessm.es\/#organization"},"potentialAction":[{"@type":"SearchAction","target":{"@type":"EntryPoint","urlTemplate":"https:\/\/instalacionessm.es\/?s={search_term_string}"},"query-input":{"@type":"PropertyValueSpecification","valueRequired":true,"valueName":"search_term_string"}}],"inLanguage":"es"},{"@type":"Organization","@id":"https:\/\/instalacionessm.es\/#organization","name":"Instalaciones SM","url":"https:\/\/instalacionessm.es\/","logo":{"@type":"ImageObject","inLanguage":"es","@id":"https:\/\/instalacionessm.es\/#\/schema\/logo\/image\/","url":"https:\/\/instalacionessm.es\/wp-content\/uploads\/2024\/12\/cropped-12-removebg-preview.png","contentUrl":"https:\/\/instalacionessm.es\/wp-content\/uploads\/2024\/12\/cropped-12-removebg-preview.png","width":500,"height":500,"caption":"Instalaciones SM"},"image":{"@id":"https:\/\/instalacionessm.es\/#\/schema\/logo\/image\/"},"sameAs":["https:\/\/www.instagram.com\/instalaciones_sm_esp\/"]}]}},"_links":{"self":[{"href":"https:\/\/instalacionessm.es\/index.php\/wp-json\/wp\/v2\/pages\/3","targetHints":{"allow":["GET"]}}],"collection":[{"href":"https:\/\/instalacionessm.es\/index.php\/wp-json\/wp\/v2\/pages"}],"about":[{"href":"https:\/\/instalacionessm.es\/index.php\/wp-json\/wp\/v2\/types\/page"}],"author":[{"embeddable":true,"href":"https:\/\/instalacionessm.es\/index.php\/wp-json\/wp\/v2\/users\/2"}],"replies":[{"embeddable":true,"href":"https:\/\/instalacionessm.es\/index.php\/wp-json\/wp\/v2\/comments?post=3"}],"version-history":[{"count":2,"href":"https:\/\/instalacionessm.es\/index.php\/wp-json\/wp\/v2\/pages\/3\/revisions"}],"predecessor-version":[{"id":191,"href":"https:\/\/instalacionessm.es\/index.php\/wp-json\/wp\/v2\/pages\/3\/revisions\/191"}],"wp:attachment":[{"href":"https:\/\/instalacionessm.es\/index.php\/wp-json\/wp\/v2\/media?parent=3"}],"curies":[{"name":"wp","href":"https:\/\/api.w.org\/{rel}","templated":true}]}}